{"id":2284,"date":"2026-01-29T03:04:52","date_gmt":"2026-01-29T03:04:52","guid":{"rendered":"https:\/\/mariavicestudio.com\/?page_id=2284"},"modified":"2026-01-29T03:13:41","modified_gmt":"2026-01-29T03:13:41","slug":"aviso","status":"publish","type":"page","link":"https:\/\/mariavicestudio.com\/en\/aviso\/","title":{"rendered":"Aviso"},"content":{"rendered":"\t\t<div data-elementor-type=\"wp-page\" data-elementor-id=\"2284\" class=\"elementor elementor-2284\" data-elementor-post-type=\"page\">\n\t\t\t\t<div class=\"elementor-element elementor-element-5be2a8c e-con-full e-flex e-con e-parent\" data-id=\"5be2a8c\" data-element_type=\"container\" data-e-type=\"container\">\n\t\t\t\t<div class=\"elementor-element elementor-element-cf0aa19 elementor-widget elementor-widget-text-editor\" data-id=\"cf0aa19\" data-element_type=\"widget\" data-e-type=\"widget\" data-widget_type=\"text-editor.default\">\n\t\t\t\t<div class=\"elementor-widget-container\">\n\t\t\t\t\t\t\t\t\t<h1 class=\"wp-block-heading\">AVISO LEGAL<\/h1><p>En cumplimiento con el deber de informaci\u00f3n recogido en la Ley 34\/2002, de 11 de julio, de Servicios de la Sociedad de la Informaci\u00f3n y del Comercio Electr\u00f3nico (LSSI-CE), se facilitan a continuaci\u00f3n los siguientes datos:<\/p><h2 class=\"wp-block-heading\">1. Datos del titular del sitio web<\/h2><div>Maria Viladomiu Ceballos<\/div><div>51104654B<\/div><div>Barcelona (08021), Barcelona, Espa\u00f1a<\/div><div>\u00a0<\/div><div>mariavicestudio.com<\/div><div>maria@mariavicestudio.com<\/div><p>\u00a0<\/p><h2 class=\"wp-block-heading\">2. Usuarios<\/h2><p>El acceso y\/o uso de este sitio web atribuye la condici\u00f3n de usuario, que acepta desde dicho acceso y\/o uso las presentes condiciones de uso.<\/p><h2 class=\"wp-block-heading\">3. Uso del sitio web<\/h2><p>El usuario se compromete a hacer un uso adecuado de los contenidos y servicios que ofrece el titular del sitio web, y a no emplearlos para:<\/p><ul class=\"wp-block-list\"><li>Realizar actividades il\u00edcitas o contrarias a la buena fe y al orden p\u00fablico.<\/li><li>Provocar da\u00f1os en los sistemas f\u00edsicos y l\u00f3gicos del titular o de terceros.<\/li><li>Introducir o difundir virus inform\u00e1ticos u otros sistemas que puedan causar da\u00f1os.<\/li><\/ul><h2 class=\"wp-block-heading\">4. Propiedad intelectual e industrial<\/h2><p>Todos los contenidos del sitio web (textos, im\u00e1genes, dise\u00f1o, c\u00f3digo fuente, etc.) son propiedad del titular o dispone de los derechos necesarios para su uso, quedando prohibida su reproducci\u00f3n, distribuci\u00f3n o modificaci\u00f3n sin autorizaci\u00f3n expresa.<\/p><h2 class=\"wp-block-heading\">5. Responsabilidad<\/h2><p>El titular no se hace responsable de los da\u00f1os o perjuicios derivados del uso de la informaci\u00f3n del sitio web, ni garantiza la ausencia de virus u otros elementos que puedan producir alteraciones.<\/p><h2 class=\"wp-block-heading\">6. Enlaces externos<\/h2><p>En caso de que en el sitio web se dispusiesen enlaces o hiperv\u00ednculos hacia otros sitios de Internet, el titular no ejercer\u00e1 ning\u00fan tipo de control sobre dichos sitios y contenidos.<\/p><h2 class=\"wp-block-heading\">7. Legislaci\u00f3n aplicable<\/h2><p>La relaci\u00f3n entre el titular y el usuario se regir\u00e1 por la normativa vigente en Espa\u00f1a. Para cualquier controversia, las partes se someter\u00e1n a los juzgados y tribunales del domicilio del titular.<\/p>\t\t\t\t\t\t\t\t<\/div>\n\t\t\t\t<\/div>\n\t\t\t\t<\/div>\n\t\t\t\t<\/div>\n\t\t","protected":false},"excerpt":{"rendered":"<p>AVISO LEGAL En cumplimiento con el deber de informaci\u00f3n recogido en la Ley 34\/2002, de 11 de julio, de Servicios de la Sociedad de la Informaci\u00f3n y del Comercio Electr\u00f3nico (LSSI-CE), se facilitan a continuaci\u00f3n los siguientes datos: 1. Datos del titular del sitio web Maria Viladomiu Ceballos51104654BBarcelona (08021), Barcelona, Espa\u00f1a\u00a0mariavicestudio.commaria@mariavicestudio.com \u00a0 2. Usuarios El [&hellip;]<\/p>\n","protected":false},"author":1,"featured_media":0,"parent":0,"menu_order":0,"comment_status":"closed","ping_status":"closed","template":"","meta":{"footnotes":""},"class_list":["post-2284","page","type-page","status-publish","hentry"],"acf":[],"yoast_head":"<!-- This site is optimized with the Yoast SEO plugin v27.4 - https:\/\/yoast.com\/product\/yoast-seo-wordpress\/ -->\n<title>Aviso - Maria Vice Studio<\/title>\n<meta name=\"robots\" content=\"index, follow, max-snippet:-1, max-image-preview:large, max-video-preview:-1\" \/>\n<link rel=\"canonical\" href=\"https:\/\/mariavicestudio.com\/en\/aviso\/\" \/>\n<meta property=\"og:locale\" content=\"en_US\" \/>\n<meta property=\"og:type\" content=\"article\" \/>\n<meta property=\"og:title\" content=\"Aviso - Maria Vice Studio\" \/>\n<meta property=\"og:description\" content=\"AVISO LEGAL En cumplimiento con el deber de informaci\u00f3n recogido en la Ley 34\/2002, de 11 de julio, de Servicios de la Sociedad de la Informaci\u00f3n y del Comercio Electr\u00f3nico (LSSI-CE), se facilitan a continuaci\u00f3n los siguientes datos: 1. Datos del titular del sitio web Maria Viladomiu Ceballos51104654BBarcelona (08021), Barcelona, Espa\u00f1a\u00a0mariavicestudio.commaria@mariavicestudio.com \u00a0 2. Usuarios El [&hellip;]\" \/>\n<meta property=\"og:url\" content=\"https:\/\/mariavicestudio.com\/en\/aviso\/\" \/>\n<meta property=\"og:site_name\" content=\"Maria Vice Studio\" \/>\n<meta property=\"article:modified_time\" content=\"2026-01-29T03:13:41+00:00\" \/>\n<meta name=\"twitter:card\" content=\"summary_large_image\" \/>\n<meta name=\"twitter:label1\" content=\"Est. reading time\" \/>\n\t<meta name=\"twitter:data1\" content=\"2 minutes\" \/>\n<script type=\"application\/ld+json\" class=\"yoast-schema-graph\">{\"@context\":\"https:\\\/\\\/schema.org\",\"@graph\":[{\"@type\":\"WebPage\",\"@id\":\"https:\\\/\\\/mariavicestudio.com\\\/en\\\/aviso\\\/\",\"url\":\"https:\\\/\\\/mariavicestudio.com\\\/en\\\/aviso\\\/\",\"name\":\"Aviso - Maria Vice Studio\",\"isPartOf\":{\"@id\":\"https:\\\/\\\/mariavicestudio.com\\\/en\\\/#website\"},\"datePublished\":\"2026-01-29T03:04:52+00:00\",\"dateModified\":\"2026-01-29T03:13:41+00:00\",\"breadcrumb\":{\"@id\":\"https:\\\/\\\/mariavicestudio.com\\\/en\\\/aviso\\\/#breadcrumb\"},\"inLanguage\":\"en-US\",\"potentialAction\":[{\"@type\":\"ReadAction\",\"target\":[\"https:\\\/\\\/mariavicestudio.com\\\/en\\\/aviso\\\/\"]}]},{\"@type\":\"BreadcrumbList\",\"@id\":\"https:\\\/\\\/mariavicestudio.com\\\/en\\\/aviso\\\/#breadcrumb\",\"itemListElement\":[{\"@type\":\"ListItem\",\"position\":1,\"name\":\"Home\",\"item\":\"https:\\\/\\\/mariavicestudio.com\\\/en\\\/home\\\/\"},{\"@type\":\"ListItem\",\"position\":2,\"name\":\"Aviso\"}]},{\"@type\":\"WebSite\",\"@id\":\"https:\\\/\\\/mariavicestudio.com\\\/en\\\/#website\",\"url\":\"https:\\\/\\\/mariavicestudio.com\\\/en\\\/\",\"name\":\"Maria Vice Studio\",\"description\":\"\",\"potentialAction\":[{\"@type\":\"SearchAction\",\"target\":{\"@type\":\"EntryPoint\",\"urlTemplate\":\"https:\\\/\\\/mariavicestudio.com\\\/en\\\/?s={search_term_string}\"},\"query-input\":{\"@type\":\"PropertyValueSpecification\",\"valueRequired\":true,\"valueName\":\"search_term_string\"}}],\"inLanguage\":\"en-US\"}]}<\/script>\n<!-- \/ Yoast SEO plugin. -->","yoast_head_json":{"title":"Aviso - Maria Vice Studio","robots":{"index":"index","follow":"follow","max-snippet":"max-snippet:-1","max-image-preview":"max-image-preview:large","max-video-preview":"max-video-preview:-1"},"canonical":"https:\/\/mariavicestudio.com\/en\/aviso\/","og_locale":"en_US","og_type":"article","og_title":"Aviso - Maria Vice Studio","og_description":"AVISO LEGAL En cumplimiento con el deber de informaci\u00f3n recogido en la Ley 34\/2002, de 11 de julio, de Servicios de la Sociedad de la Informaci\u00f3n y del Comercio Electr\u00f3nico (LSSI-CE), se facilitan a continuaci\u00f3n los siguientes datos: 1. Datos del titular del sitio web Maria Viladomiu Ceballos51104654BBarcelona (08021), Barcelona, Espa\u00f1a\u00a0mariavicestudio.commaria@mariavicestudio.com \u00a0 2. Usuarios El [&hellip;]","og_url":"https:\/\/mariavicestudio.com\/en\/aviso\/","og_site_name":"Maria Vice Studio","article_modified_time":"2026-01-29T03:13:41+00:00","twitter_card":"summary_large_image","twitter_misc":{"Est. reading time":"2 minutes"},"schema":{"@context":"https:\/\/schema.org","@graph":[{"@type":"WebPage","@id":"https:\/\/mariavicestudio.com\/en\/aviso\/","url":"https:\/\/mariavicestudio.com\/en\/aviso\/","name":"Aviso - Maria Vice Studio","isPartOf":{"@id":"https:\/\/mariavicestudio.com\/en\/#website"},"datePublished":"2026-01-29T03:04:52+00:00","dateModified":"2026-01-29T03:13:41+00:00","breadcrumb":{"@id":"https:\/\/mariavicestudio.com\/en\/aviso\/#breadcrumb"},"inLanguage":"en-US","potentialAction":[{"@type":"ReadAction","target":["https:\/\/mariavicestudio.com\/en\/aviso\/"]}]},{"@type":"BreadcrumbList","@id":"https:\/\/mariavicestudio.com\/en\/aviso\/#breadcrumb","itemListElement":[{"@type":"ListItem","position":1,"name":"Home","item":"https:\/\/mariavicestudio.com\/en\/home\/"},{"@type":"ListItem","position":2,"name":"Aviso"}]},{"@type":"WebSite","@id":"https:\/\/mariavicestudio.com\/en\/#website","url":"https:\/\/mariavicestudio.com\/en\/","name":"Maria Vice Studio","description":"","potentialAction":[{"@type":"SearchAction","target":{"@type":"EntryPoint","urlTemplate":"https:\/\/mariavicestudio.com\/en\/?s={search_term_string}"},"query-input":{"@type":"PropertyValueSpecification","valueRequired":true,"valueName":"search_term_string"}}],"inLanguage":"en-US"}]}},"_links":{"self":[{"href":"https:\/\/mariavicestudio.com\/en\/wp-json\/wp\/v2\/pages\/2284","targetHints":{"allow":["GET"]}}],"collection":[{"href":"https:\/\/mariavicestudio.com\/en\/wp-json\/wp\/v2\/pages"}],"about":[{"href":"https:\/\/mariavicestudio.com\/en\/wp-json\/wp\/v2\/types\/page"}],"author":[{"embeddable":true,"href":"https:\/\/mariavicestudio.com\/en\/wp-json\/wp\/v2\/users\/1"}],"replies":[{"embeddable":true,"href":"https:\/\/mariavicestudio.com\/en\/wp-json\/wp\/v2\/comments?post=2284"}],"version-history":[{"count":6,"href":"https:\/\/mariavicestudio.com\/en\/wp-json\/wp\/v2\/pages\/2284\/revisions"}],"predecessor-version":[{"id":2291,"href":"https:\/\/mariavicestudio.com\/en\/wp-json\/wp\/v2\/pages\/2284\/revisions\/2291"}],"wp:attachment":[{"href":"https:\/\/mariavicestudio.com\/en\/wp-json\/wp\/v2\/media?parent=2284"}],"curies":[{"name":"wp","href":"https:\/\/api.w.org\/{rel}","templated":true}]}}